{"id":2,"date":"2024-04-10T15:10:38","date_gmt":"2024-04-10T15:10:38","guid":{"rendered":"https:\/\/metrofotokopistegia.rkinformatika.online\/?page_id=2"},"modified":"2024-04-15T13:50:39","modified_gmt":"2024-04-15T13:50:39","slug":"inicio","status":"publish","type":"page","link":"https:\/\/metrofotokopistegia.com\/eus\/","title":{"rendered":"Hasiera"},"content":{"rendered":"<div data-elementor-type=\"wp-page\" data-elementor-id=\"2\" class=\"elementor elementor-2\" data-elementor-post-type=\"page\">\n\t\t\t\t\t\t<section class=\"elementor-section elementor-top-section elementor-element elementor-element-9e8a4ec elementor-section-full_width elementor-section-height-default elementor-section-height-default\" data-id=\"9e8a4ec\" data-element_type=\"section\" data-e-type=\"section\" data-settings=\"{&quot;background_background&quot;:&quot;classic&quot;,&quot;shape_divider_bottom&quot;:&quot;book&quot;}\">\n\t\t\t\t\t\t\t<div class=\"elementor-background-overlay\"><\/div>\n\t\t\t\t\t\t<div class=\"elementor-shape elementor-shape-bottom\" aria-hidden=\"true\" data-negative=\"false\">\n\t\t\t<svg xmlns=\"http:\/\/www.w3.org\/2000\/svg\" viewbox=\"0 0 1000 100\" preserveaspectratio=\"none\">\n\t<path class=\"elementor-shape-fill\" d=\"M194,99c186.7,0.7,305-78.3,306-97.2c1,18.9,119.3,97.9,306,97.2c114.3-0.3,194,0.3,194,0.3s0-91.7,0-100c0,0,0,0,0-0 L0,0v99.3C0,99.3,79.7,98.7,194,99z\"\/>\n<\/svg>\t\t<\/div>\n\t\t\t\t\t<div class=\"elementor-container elementor-column-gap-default\">\n\t\t\t\t\t<div class=\"elementor-column elementor-col-100 elementor-top-column elementor-element elementor-element-de2f038\" data-id=\"de2f038\" data-element_type=\"column\" data-e-type=\"column\">\n\t\t\t<div class=\"elementor-widget-wrap elementor-element-populated\">\n\t\t\t\t\t\t<div class=\"elementor-element elementor-element-f3b0fd6 elementor-widget-mobile__width-initial elementor-widget elementor-widget-heading\" data-id=\"f3b0fd6\" data-element_type=\"widget\" data-e-type=\"widget\" data-widget_type=\"heading.default\">\n\t\t\t\t<div class=\"elementor-widget-container\">\n\t\t\t\t\t<h2 class=\"elementor-heading-title elementor-size-default\">ONGI ETORRI METRO FOTOKOPISTEGIRA<\/h2>\t\t\t\t<\/div>\n\t\t\t\t<\/div>\n\t\t\t\t<div class=\"elementor-element elementor-element-1f98859 elementor-widget-mobile__width-initial elementor-widget elementor-widget-heading\" data-id=\"1f98859\" data-element_type=\"widget\" data-e-type=\"widget\" data-widget_type=\"heading.default\">\n\t\t\t\t<div class=\"elementor-widget-container\">\n\t\t\t\t\t<h2 class=\"elementor-heading-title elementor-size-default\">Erreprografia-zerbitzuak<\/h2>\t\t\t\t<\/div>\n\t\t\t\t<\/div>\n\t\t\t\t\t<\/div>\n\t\t<\/div>\n\t\t\t\t\t<\/div>\n\t\t<\/section>\n\t\t<div class=\"elementor-element elementor-element-92aefe0 e-flex e-con-boxed e-con e-parent\" data-id=\"92aefe0\" data-element_type=\"container\" data-e-type=\"container\">\n\t\t\t\t\t<div class=\"e-con-inner\">\n\t\t<div class=\"elementor-element elementor-element-1f14c5f e-con-full e-flex e-con e-child\" data-id=\"1f14c5f\" data-element_type=\"container\" data-e-type=\"container\">\n\t\t\t\t<div class=\"elementor-element elementor-element-1e307f2 elementor-widget elementor-widget-heading\" data-id=\"1e307f2\" data-element_type=\"widget\" data-e-type=\"widget\" data-widget_type=\"heading.default\">\n\t\t\t\t<div class=\"elementor-widget-container\">\n\t\t\t\t\t<h2 class=\"elementor-heading-title elementor-size-default\">GURI BURUZ<\/h2>\t\t\t\t<\/div>\n\t\t\t\t<\/div>\n\t\t\t\t<div class=\"elementor-element elementor-element-8a5ddd1 elementor-widget elementor-widget-text-editor\" data-id=\"8a5ddd1\" data-element_type=\"widget\" data-e-type=\"widget\" data-widget_type=\"text-editor.default\">\n\t\t\t\t<div class=\"elementor-widget-container\">\n\t\t\t\t\t\t\t\t\t<p>30 urte baino gehiagoz, zerbitzu profesionalak eskaini dizkiegu partikularrei, enpresei eta erakundeei, etenik gabeko ordutegiarekin. Hainbat formatutan eskaintzen ditugu kopiak, dokumentuen digitalizazioa, tamaina desberdinetako plastifikazioak, koadernaketak, diseinu grafikoa eta inprimaketa-lanak.<\/p>\t\t\t\t\t\t\t\t<\/div>\n\t\t\t\t<\/div>\n\t\t\t\t<\/div>\n\t\t<div class=\"elementor-element elementor-element-5da3493 e-con-full e-flex e-con e-child\" data-id=\"5da3493\" data-element_type=\"container\" data-e-type=\"container\">\n\t\t\t\t<div class=\"elementor-element elementor-element-593b8e8 elementor-widget elementor-widget-image\" data-id=\"593b8e8\" data-element_type=\"widget\" data-e-type=\"widget\" data-widget_type=\"image.default\">\n\t\t\t\t<div class=\"elementor-widget-container\">\n\t\t\t\t\t\t\t\t\t\t\t\t\t\t\t<img fetchpriority=\"high\" decoding=\"async\" width=\"998\" height=\"701\" src=\"https:\/\/metrofotokopistegia.com\/wp-content\/uploads\/2024\/04\/Captura-desde-2024-04-11-18-06-38.png\" class=\"attachment-full size-full wp-image-334\" alt=\"\" srcset=\"https:\/\/metrofotokopistegia.com\/wp-content\/uploads\/2024\/04\/Captura-desde-2024-04-11-18-06-38.png 998w, https:\/\/metrofotokopistegia.com\/wp-content\/uploads\/2024\/04\/Captura-desde-2024-04-11-18-06-38-300x211.png 300w, https:\/\/metrofotokopistegia.com\/wp-content\/uploads\/2024\/04\/Captura-desde-2024-04-11-18-06-38-768x539.png 768w, https:\/\/metrofotokopistegia.com\/wp-content\/uploads\/2024\/04\/Captura-desde-2024-04-11-18-06-38-18x12.png 18w\" sizes=\"(max-width: 998px) 100vw, 998px\" \/>\t\t\t\t\t\t\t\t\t\t\t\t\t\t\t<\/div>\n\t\t\t\t<\/div>\n\t\t\t\t<\/div>\n\t\t\t\t\t<\/div>\n\t\t\t\t<\/div>\n\t\t<div class=\"elementor-element elementor-element-cef84ae e-con-full e-flex e-con e-parent\" data-id=\"cef84ae\" data-element_type=\"container\" data-e-type=\"container\" data-settings=\"{&quot;background_background&quot;:&quot;classic&quot;,&quot;shape_divider_top&quot;:&quot;book&quot;,&quot;shape_divider_bottom&quot;:&quot;book&quot;}\">\n\t\t\t\t<div class=\"elementor-shape elementor-shape-top\" aria-hidden=\"true\" data-negative=\"false\">\n\t\t\t<svg xmlns=\"http:\/\/www.w3.org\/2000\/svg\" viewbox=\"0 0 1000 100\" preserveaspectratio=\"none\">\n\t<path class=\"elementor-shape-fill\" d=\"M194,99c186.7,0.7,305-78.3,306-97.2c1,18.9,119.3,97.9,306,97.2c114.3-0.3,194,0.3,194,0.3s0-91.7,0-100c0,0,0,0,0-0 L0,0v99.3C0,99.3,79.7,98.7,194,99z\"\/>\n<\/svg>\t\t<\/div>\n\t\t\t\t<div class=\"elementor-shape elementor-shape-bottom\" aria-hidden=\"true\" data-negative=\"false\">\n\t\t\t<svg xmlns=\"http:\/\/www.w3.org\/2000\/svg\" viewbox=\"0 0 1000 100\" preserveaspectratio=\"none\">\n\t<path class=\"elementor-shape-fill\" d=\"M194,99c186.7,0.7,305-78.3,306-97.2c1,18.9,119.3,97.9,306,97.2c114.3-0.3,194,0.3,194,0.3s0-91.7,0-100c0,0,0,0,0-0 L0,0v99.3C0,99.3,79.7,98.7,194,99z\"\/>\n<\/svg>\t\t<\/div>\n\t\t\t\t<div class=\"elementor-element elementor-element-ea225be elementor-widget elementor-widget-heading\" data-id=\"ea225be\" data-element_type=\"widget\" data-e-type=\"widget\" data-widget_type=\"heading.default\">\n\t\t\t\t<div class=\"elementor-widget-container\">\n\t\t\t\t\t<h2 class=\"elementor-heading-title elementor-size-default\">Bisita gaitzazu eta ezagutu gure zerbitzuak!<\/h2>\t\t\t\t<\/div>\n\t\t\t\t<\/div>\n\t\t\t\t<div class=\"elementor-element elementor-element-641ce36 elementor-align-center elementor-widget elementor-widget-button\" data-id=\"641ce36\" data-element_type=\"widget\" data-e-type=\"widget\" data-widget_type=\"button.default\">\n\t\t\t\t<div class=\"elementor-widget-container\">\n\t\t\t\t\t\t\t\t\t<div class=\"elementor-button-wrapper\">\n\t\t\t\t\t<a class=\"elementor-button elementor-button-link elementor-size-sm\" href=\"https:\/\/metrofotokopistegia.com\/eus\/contacto\/\">\n\t\t\t\t\t\t<span class=\"elementor-button-content-wrapper\">\n\t\t\t\t\t\t\t\t\t<span class=\"elementor-button-text\">Kontaktatu<\/span>\n\t\t\t\t\t<\/span>\n\t\t\t\t\t<\/a>\n\t\t\t\t<\/div>\n\t\t\t\t\t\t\t\t<\/div>\n\t\t\t\t<\/div>\n\t\t\t\t<\/div>\n\t\t\t\t<\/div>","protected":false},"excerpt":{"rendered":"<p>BIENVENIDO A METRO FOTOKOPISTEGIA Servicios de reprograf\u00eda SOBRE NOSOTROS Por m\u00e1s de 30 a\u00f1os hemos brindado servicios profesionales a particulares, empresas e instituciones con un horario ininterrumpido. Ofrecemos copias en diferentes formatos, digitalizaci\u00f3n de documentos, plastificaciones en distintos tama\u00f1os, encuadernaciones, dise\u00f1o gr\u00e1fico y trabajos de impresi\u00f3n. \u00a1Vis\u00edtanos y descubre nuestros servicios! Cont\u00e1ctenos<\/p>","protected":false},"author":1,"featured_media":0,"parent":0,"menu_order":0,"comment_status":"closed","ping_status":"closed","template":"elementor_canvas","meta":{"footnotes":""},"class_list":["post-2","page","type-page","status-publish","hentry"],"yoast_head":"<!-- This site is optimized with the Yoast SEO plugin v27.4 - https:\/\/yoast.com\/product\/yoast-seo-wordpress\/ -->\n<title>Inicio - Metro Fotokopistegia S.L.<\/title>\n<meta name=\"robots\" content=\"index, follow, max-snippet:-1, max-image-preview:large, max-video-preview:-1\" \/>\n<link rel=\"canonical\" href=\"https:\/\/metrofotokopistegia.com\/eus\/\" \/>\n<meta property=\"og:locale\" content=\"en_US\" \/>\n<meta property=\"og:type\" content=\"article\" \/>\n<meta property=\"og:title\" content=\"Inicio - Metro Fotokopistegia S.L.\" \/>\n<meta property=\"og:description\" content=\"BIENVENIDO A METRO FOTOKOPISTEGIA Servicios de reprograf\u00eda SOBRE NOSOTROS Por m\u00e1s de 30 a\u00f1os hemos brindado servicios profesionales a particulares, empresas e instituciones con un horario ininterrumpido. Ofrecemos copias en diferentes formatos, digitalizaci\u00f3n de documentos, plastificaciones en distintos tama\u00f1os, encuadernaciones, dise\u00f1o gr\u00e1fico y trabajos de impresi\u00f3n. \u00a1Vis\u00edtanos y descubre nuestros servicios! Cont\u00e1ctenos\" \/>\n<meta property=\"og:url\" content=\"https:\/\/metrofotokopistegia.com\/eus\/\" \/>\n<meta property=\"og:site_name\" content=\"Metro Fotokopistegia S.L.\" \/>\n<meta property=\"article:modified_time\" content=\"2024-04-15T13:50:39+00:00\" \/>\n<meta property=\"og:image\" content=\"https:\/\/metrofotokopistegia.com\/wp-content\/uploads\/2024\/04\/Captura-desde-2024-04-11-18-06-38.png\" \/>\n<meta name=\"twitter:card\" content=\"summary_large_image\" \/>\n<meta name=\"twitter:label1\" content=\"Est. reading time\" \/>\n\t<meta name=\"twitter:data1\" content=\"1 minutua\" \/>\n<script type=\"application\/ld+json\" class=\"yoast-schema-graph\">{\"@context\":\"https:\\\/\\\/schema.org\",\"@graph\":[{\"@type\":\"WebPage\",\"@id\":\"https:\\\/\\\/metrofotokopistegia.com\\\/\",\"url\":\"https:\\\/\\\/metrofotokopistegia.com\\\/\",\"name\":\"Inicio - Metro Fotokopistegia S.L.\",\"isPartOf\":{\"@id\":\"https:\\\/\\\/metrofotokopistegia.com\\\/#website\"},\"primaryImageOfPage\":{\"@id\":\"https:\\\/\\\/metrofotokopistegia.com\\\/#primaryimage\"},\"image\":{\"@id\":\"https:\\\/\\\/metrofotokopistegia.com\\\/#primaryimage\"},\"thumbnailUrl\":\"https:\\\/\\\/metrofotokopistegia.com\\\/wp-content\\\/uploads\\\/2024\\\/04\\\/Captura-desde-2024-04-11-18-06-38.png\",\"datePublished\":\"2024-04-10T15:10:38+00:00\",\"dateModified\":\"2024-04-15T13:50:39+00:00\",\"breadcrumb\":{\"@id\":\"https:\\\/\\\/metrofotokopistegia.com\\\/#breadcrumb\"},\"inLanguage\":\"eu\",\"potentialAction\":[{\"@type\":\"ReadAction\",\"target\":[\"https:\\\/\\\/metrofotokopistegia.com\\\/\"]}]},{\"@type\":\"ImageObject\",\"inLanguage\":\"eu\",\"@id\":\"https:\\\/\\\/metrofotokopistegia.com\\\/#primaryimage\",\"url\":\"https:\\\/\\\/metrofotokopistegia.com\\\/wp-content\\\/uploads\\\/2024\\\/04\\\/Captura-desde-2024-04-11-18-06-38.png\",\"contentUrl\":\"https:\\\/\\\/metrofotokopistegia.com\\\/wp-content\\\/uploads\\\/2024\\\/04\\\/Captura-desde-2024-04-11-18-06-38.png\"},{\"@type\":\"BreadcrumbList\",\"@id\":\"https:\\\/\\\/metrofotokopistegia.com\\\/#breadcrumb\",\"itemListElement\":[{\"@type\":\"ListItem\",\"position\":1,\"name\":\"Portada\",\"item\":\"https:\\\/\\\/metrofotokopistegia.com\\\/\"},{\"@type\":\"ListItem\",\"position\":2,\"name\":\"Inicio\"}]},{\"@type\":\"WebSite\",\"@id\":\"https:\\\/\\\/metrofotokopistegia.com\\\/#website\",\"url\":\"https:\\\/\\\/metrofotokopistegia.com\\\/\",\"name\":\"Metro Fotokopistegia S.L.\",\"description\":\"Servicios de reprografia\",\"publisher\":{\"@id\":\"https:\\\/\\\/metrofotokopistegia.com\\\/#organization\"},\"potentialAction\":[{\"@type\":\"SearchAction\",\"target\":{\"@type\":\"EntryPoint\",\"urlTemplate\":\"https:\\\/\\\/metrofotokopistegia.com\\\/?s={search_term_string}\"},\"query-input\":{\"@type\":\"PropertyValueSpecification\",\"valueRequired\":true,\"valueName\":\"search_term_string\"}}],\"inLanguage\":\"eu\"},{\"@type\":\"Organization\",\"@id\":\"https:\\\/\\\/metrofotokopistegia.com\\\/#organization\",\"name\":\"Metro Fotokopistegia S.L.\",\"url\":\"https:\\\/\\\/metrofotokopistegia.com\\\/\",\"logo\":{\"@type\":\"ImageObject\",\"inLanguage\":\"eu\",\"@id\":\"https:\\\/\\\/metrofotokopistegia.com\\\/#\\\/schema\\\/logo\\\/image\\\/\",\"url\":\"https:\\\/\\\/metrofotokopistegia.com\\\/wp-content\\\/uploads\\\/2024\\\/04\\\/cropped-LOGO-METRO-SIN-LETRAS-DE-FONDO.jpg\",\"contentUrl\":\"https:\\\/\\\/metrofotokopistegia.com\\\/wp-content\\\/uploads\\\/2024\\\/04\\\/cropped-LOGO-METRO-SIN-LETRAS-DE-FONDO.jpg\",\"width\":1771,\"height\":1188,\"caption\":\"Metro Fotokopistegia S.L.\"},\"image\":{\"@id\":\"https:\\\/\\\/metrofotokopistegia.com\\\/#\\\/schema\\\/logo\\\/image\\\/\"}}]}<\/script>\n<!-- \/ Yoast SEO plugin. -->","yoast_head_json":{"title":"Inicio - Metro Fotokopistegia S.L.","robots":{"index":"index","follow":"follow","max-snippet":"max-snippet:-1","max-image-preview":"max-image-preview:large","max-video-preview":"max-video-preview:-1"},"canonical":"https:\/\/metrofotokopistegia.com\/eus\/","og_locale":"en_US","og_type":"article","og_title":"Inicio - Metro Fotokopistegia S.L.","og_description":"BIENVENIDO A METRO FOTOKOPISTEGIA Servicios de reprograf\u00eda SOBRE NOSOTROS Por m\u00e1s de 30 a\u00f1os hemos brindado servicios profesionales a particulares, empresas e instituciones con un horario ininterrumpido. Ofrecemos copias en diferentes formatos, digitalizaci\u00f3n de documentos, plastificaciones en distintos tama\u00f1os, encuadernaciones, dise\u00f1o gr\u00e1fico y trabajos de impresi\u00f3n. \u00a1Vis\u00edtanos y descubre nuestros servicios! Cont\u00e1ctenos","og_url":"https:\/\/metrofotokopistegia.com\/eus\/","og_site_name":"Metro Fotokopistegia S.L.","article_modified_time":"2024-04-15T13:50:39+00:00","og_image":[{"url":"https:\/\/metrofotokopistegia.com\/wp-content\/uploads\/2024\/04\/Captura-desde-2024-04-11-18-06-38.png","type":"","width":"","height":""}],"twitter_card":"summary_large_image","twitter_misc":{"Est. reading time":"1 minutua"},"schema":{"@context":"https:\/\/schema.org","@graph":[{"@type":"WebPage","@id":"https:\/\/metrofotokopistegia.com\/","url":"https:\/\/metrofotokopistegia.com\/","name":"Inicio - Metro Fotokopistegia S.L.","isPartOf":{"@id":"https:\/\/metrofotokopistegia.com\/#website"},"primaryImageOfPage":{"@id":"https:\/\/metrofotokopistegia.com\/#primaryimage"},"image":{"@id":"https:\/\/metrofotokopistegia.com\/#primaryimage"},"thumbnailUrl":"https:\/\/metrofotokopistegia.com\/wp-content\/uploads\/2024\/04\/Captura-desde-2024-04-11-18-06-38.png","datePublished":"2024-04-10T15:10:38+00:00","dateModified":"2024-04-15T13:50:39+00:00","breadcrumb":{"@id":"https:\/\/metrofotokopistegia.com\/#breadcrumb"},"inLanguage":"eu","potentialAction":[{"@type":"ReadAction","target":["https:\/\/metrofotokopistegia.com\/"]}]},{"@type":"ImageObject","inLanguage":"eu","@id":"https:\/\/metrofotokopistegia.com\/#primaryimage","url":"https:\/\/metrofotokopistegia.com\/wp-content\/uploads\/2024\/04\/Captura-desde-2024-04-11-18-06-38.png","contentUrl":"https:\/\/metrofotokopistegia.com\/wp-content\/uploads\/2024\/04\/Captura-desde-2024-04-11-18-06-38.png"},{"@type":"BreadcrumbList","@id":"https:\/\/metrofotokopistegia.com\/#breadcrumb","itemListElement":[{"@type":"ListItem","position":1,"name":"Portada","item":"https:\/\/metrofotokopistegia.com\/"},{"@type":"ListItem","position":2,"name":"Inicio"}]},{"@type":"WebSite","@id":"https:\/\/metrofotokopistegia.com\/#website","url":"https:\/\/metrofotokopistegia.com\/","name":"Metro Fotokopistegia S.L.","description":"Servicios de reprografia","publisher":{"@id":"https:\/\/metrofotokopistegia.com\/#organization"},"potentialAction":[{"@type":"SearchAction","target":{"@type":"EntryPoint","urlTemplate":"https:\/\/metrofotokopistegia.com\/?s={search_term_string}"},"query-input":{"@type":"PropertyValueSpecification","valueRequired":true,"valueName":"search_term_string"}}],"inLanguage":"eu"},{"@type":"Organization","@id":"https:\/\/metrofotokopistegia.com\/#organization","name":"Metro Fotokopistegia S.L.","url":"https:\/\/metrofotokopistegia.com\/","logo":{"@type":"ImageObject","inLanguage":"eu","@id":"https:\/\/metrofotokopistegia.com\/#\/schema\/logo\/image\/","url":"https:\/\/metrofotokopistegia.com\/wp-content\/uploads\/2024\/04\/cropped-LOGO-METRO-SIN-LETRAS-DE-FONDO.jpg","contentUrl":"https:\/\/metrofotokopistegia.com\/wp-content\/uploads\/2024\/04\/cropped-LOGO-METRO-SIN-LETRAS-DE-FONDO.jpg","width":1771,"height":1188,"caption":"Metro Fotokopistegia S.L."},"image":{"@id":"https:\/\/metrofotokopistegia.com\/#\/schema\/logo\/image\/"}}]}},"_links":{"self":[{"href":"https:\/\/metrofotokopistegia.com\/eus\/wp-json\/wp\/v2\/pages\/2","targetHints":{"allow":["GET"]}}],"collection":[{"href":"https:\/\/metrofotokopistegia.com\/eus\/wp-json\/wp\/v2\/pages"}],"about":[{"href":"https:\/\/metrofotokopistegia.com\/eus\/wp-json\/wp\/v2\/types\/page"}],"author":[{"embeddable":true,"href":"https:\/\/metrofotokopistegia.com\/eus\/wp-json\/wp\/v2\/users\/1"}],"replies":[{"embeddable":true,"href":"https:\/\/metrofotokopistegia.com\/eus\/wp-json\/wp\/v2\/comments?post=2"}],"version-history":[{"count":67,"href":"https:\/\/metrofotokopistegia.com\/eus\/wp-json\/wp\/v2\/pages\/2\/revisions"}],"predecessor-version":[{"id":510,"href":"https:\/\/metrofotokopistegia.com\/eus\/wp-json\/wp\/v2\/pages\/2\/revisions\/510"}],"wp:attachment":[{"href":"https:\/\/metrofotokopistegia.com\/eus\/wp-json\/wp\/v2\/media?parent=2"}],"curies":[{"name":"wp","href":"https:\/\/api.w.org\/{rel}","templated":true}]}}